{"id":6529,"date":"2023-02-17T18:18:42","date_gmt":"2023-02-17T18:18:42","guid":{"rendered":"https:\/\/laosesim.com\/contacta-con-nosotros\/"},"modified":"2024-05-22T03:36:46","modified_gmt":"2024-05-22T03:36:46","slug":"contacto","status":"publish","type":"page","link":"https:\/\/laosesim.com\/es\/contacto\/","title":{"rendered":"Contacta con nosotros"},"content":{"rendered":"\n<p>Puedes contactar con nuestro equipo de asistencia 24\/7 y 365 d\u00edas al a\u00f1o. S\u00f3lo tienes que enviar un mensaje a nuestro correo electr\u00f3nico o hablar con nosotros a trav\u00e9s del chat en l\u00ednea:<\/p>\n<ul>\n<li><strong>Correo electr\u00f3nico: <\/strong><a href=\"mailto:la@gigago.com\">la@gigago.com<\/a><\/li>\n<li><strong>Chat:<\/strong> S\u00f3lo tienes que hacer clic en la ventana emergente verde de la esquina inferior izquierda de nuestro sitio web.<\/li>\n<li><strong>Whatsapp 24\/7<\/strong>: <a href=\"https:\/\/wa.me\/message\/TTQYKQ4QXTPUM1\" target=\"_blank\" rel=\"noopener\">+1 276-288-8688<\/a><\/li>\n<\/ul>\n<p><strong>Visita nuestra Oficina Central en Vientiane, Laos:<\/strong><\/p>\n<ul>\n<li>\n<div>\n<div data-zone-id=\"0\" data-line-index=\"0\" data-line=\"true\">Vientiane Center, Ban Nonesavang, Unidad 15, Distrito de Chanthaboury, Vientiane Capital, Laos<\/div>\n<\/div>\n<\/li>\n<\/ul>\n<a href=\"https:\/\/laosesim.com\/es\/sobre-nosotros\/\" target=\"_self\" class=\"button primary is-link\">\n    <span>VER M\u00c1S SOBRE NOSOTROS<\/span>\n  <i class=\"icon-angle-right\" aria-hidden=\"true\" ><\/i><\/a>\n\n\n\n","protected":false},"excerpt":{"rendered":"","protected":false},"author":4,"featured_media":5192,"parent":0,"menu_order":0,"comment_status":"closed","ping_status":"closed","template":"","meta":{"_acf_changed":false,"inline_featured_image":false,"footnotes":""},"acf":[],"_links":{"self":[{"href":"https:\/\/laosesim.com\/es\/wp-json\/wp\/v2\/pages\/6529"}],"collection":[{"href":"https:\/\/laosesim.com\/es\/wp-json\/wp\/v2\/pages"}],"about":[{"href":"https:\/\/laosesim.com\/es\/wp-json\/wp\/v2\/types\/page"}],"author":[{"embeddable":true,"href":"https:\/\/laosesim.com\/es\/wp-json\/wp\/v2\/users\/4"}],"replies":[{"embeddable":true,"href":"https:\/\/laosesim.com\/es\/wp-json\/wp\/v2\/comments?post=6529"}],"version-history":[{"count":0,"href":"https:\/\/laosesim.com\/es\/wp-json\/wp\/v2\/pages\/6529\/revisions"}],"wp:featuredmedia":[{"embeddable":true,"href":"https:\/\/laosesim.com\/es\/wp-json\/wp\/v2\/media\/5192"}],"wp:attachment":[{"href":"https:\/\/laosesim.com\/es\/wp-json\/wp\/v2\/media?parent=6529"}],"curies":[{"name":"wp","href":"https:\/\/api.w.org\/{rel}","templated":true}]}}