{"id":6823,"date":"2023-02-23T14:58:44","date_gmt":"2023-02-23T14:58:44","guid":{"rendered":"https:\/\/laosesim.com\/politica-de-privacidad\/"},"modified":"2024-05-15T10:16:55","modified_gmt":"2024-05-15T10:16:55","slug":"politica-de-privacidad","status":"publish","type":"page","link":"https:\/\/laosesim.com\/es\/politica-de-privacidad\/","title":{"rendered":"Pol\u00edtica de privacidad"},"content":{"rendered":"\n<p><em>Esta Pol\u00edtica de Privacidad ha sido desarrollada por el equipo de laosesim.com para ayudarle a entender c\u00f3mo recogemos, utilizamos, comunicamos, divulgamos y hacemos uso de la informaci\u00f3n personal de nuestros clientes. Al ordenar eSIM con laosesim.com, usted acepta la siguiente informaci\u00f3n de la Pol\u00edtica de Privacidad laosesim.com.<\/em><\/p>\n\n<h2 class=\"wp-block-heading\">1. Informaci\u00f3n recopilada<\/h2>\n\n<p>Tomamos todas las medidas necesarias para asegurarnos de que la informaci\u00f3n que nos facilita se registra de forma precisa y completa. Le ayudaremos a modificar o corregir la informaci\u00f3n que nos facilite cuando proceda. <\/p>\n\n<h3 class=\"wp-block-heading\"><i>1.1 Datos personales que recopilamos<\/i><\/h3>\n\n<p>Utilizamos la informaci\u00f3n personal para diversos fines comerciales, entre los que se incluyen, por ejemplo, responder a sus solicitudes de servicios o asistencia; completar transacciones y facturar servicios o productos; predecir y resolver problemas reales y potenciales con nuestros servicios y productos; crear y mejorar la calidad de nuestros servicios y productos; sugerir servicios y productos adicionales o diferentes; tomar decisiones comerciales internas sobre ofertas tanto actuales como futuras; proporcionar un servicio personalizado \/ a medida, as\u00ed como experiencias de usuario; proteger nuestra propiedad y derechos; y ponernos en contacto con usted acerca de otros productos \/ servicios suministrados por laosesim.com.<\/p>\n\n<p>Toda la informaci\u00f3n que nos facilite es totalmente confidencial y estar\u00e1 protegida frente a usos no autorizados. Nunca ser\u00e1 revelada a terceros a menos que obtengamos su permiso. <\/p>\n\n<h3 class=\"wp-block-heading\">1.2 Informaci\u00f3n no personal recopilada<\/h3>\n\n<p>Recogemos y almacenamos en los registros de nuestro servidor informaci\u00f3n que no permite la identificaci\u00f3n personal, incluidos, entre otros, la direcci\u00f3n IP, el tipo de navegador, el sistema operativo y la hora y fecha de las visitas, las p\u00e1ginas visitadas, el tiempo de permanencia en el sitio y las visitas de regreso al sitio web. <\/p>\n\n<p>Adem\u00e1s, podemos utilizar Google Analytics, que registra datos no identificables personalmente, como el tipo de navegador, la fecha y hora de la visita, el sistema operativo, el origen de los visitantes, las p\u00e1ginas visitadas en el sitio web, el tiempo pasado en el sitio, a d\u00f3nde se dirigieron los visitantes cuando abandonaron el sitio y si volvieron a visitar el sitio web.<\/p>\n\n<p>Estos datos de identificaci\u00f3n no personal se recogen con el fin de comprender mejor c\u00f3mo utilizan el sitio nuestros visitantes, y para ayudar a gestionar, mantener, mejorar e informar sobre el uso de nuestro sitio.<\/p>\n\n<p>Este tipo de datos puede ser compartido con terceros con el prop\u00f3sito limitado de informar sobre el uso de nuestro sitio, o para cumplir con la legislaci\u00f3n aplicable.<\/p>\n\n<p>Nos comprometemos a no alquilar, vender ni compartir los datos de identificaci\u00f3n no personal recopilados en este sitio con terceros, incluido Google, para fines de marketing como el remarketing.<\/p>\n\n<h3 class=\"wp-block-heading\">1.3 Operaciones Financieras<\/h3>\n\n<p>Las transacciones con tarjeta de cr\u00e9dito se procesan a trav\u00e9s de una de las prestigiosas empresas externas de procesamiento de tarjetas de cr\u00e9dito. La informaci\u00f3n que le pertenece est\u00e1 encriptada y s\u00f3lo se utiliza para completar las transacciones adecuadas. Nuestra base de datos s\u00f3lo almacena los 4 \u00faltimos d\u00edgitos de su tarjeta de cr\u00e9dito para ayudar a completar el proceso de verificaci\u00f3n y aprobaci\u00f3n.<\/p>\n\n<h3 class=\"wp-block-heading\">1.4 Cookies<\/h3>\n\n<p>laosesim.com utiliza cookies para definir, reconocer a nuestros clientes cuando visitan nuestro sitio web. Eso nos permite personalizar su experiencia en nuestro sitio. Puede requerir que active las cookies o habilitarlo en su navegador para registrarse. <\/p>\n\n<p>Si decide desactivar las cookies, podr\u00e1 seguir navegando por el sitio web. Las cookies no almacenan ninguna informaci\u00f3n personal. Toda la informaci\u00f3n es completamente confidencial y nunca se vende ni se ve fuera de la empresa. <\/p>\n\n<h3 class=\"wp-block-heading\">1.5 Informaci\u00f3n sobre el Sistema<\/h3>\n\n<p>Tenemos derecho a recoger y almacenar informaci\u00f3n como la direcci\u00f3n IP, el tipo de sistema operativo o el tipo de navegador. Toda la informaci\u00f3n es confidencial y s\u00f3lo se utilizar\u00e1 con fines de administraci\u00f3n del sistema. Esta informaci\u00f3n ayuda a diagnosticar problemas, controlar el uso del sitio y el tr\u00e1fico.<\/p>\n\n<h3 class=\"wp-block-heading\">1.6 Correo electr\u00f3nico<\/h3>\n\n<p>laosesim.com utiliza el correo electr\u00f3nico para enviar notificaciones a nuestros clientes y miembros sobre el c\u00f3digo QR de la eSIM y la gu\u00eda de instalaci\u00f3n y activaci\u00f3n o las funciones a\u00f1adidas. La lista de correo electr\u00f3nico es confidencial y nunca vendido o dado a la tercera parte.<\/p>\n\n<h2 class=\"wp-block-heading\">2. Otros t\u00e9rminos rectores<\/h2>\n\n<p>Esta declaraci\u00f3n de pol\u00edtica no cambia ni altera ning\u00fan acuerdo entre laosesim.com y usted. Si se suscribe o utiliza nuestros productos y servicios, nuestros T\u00e9rminos y Condiciones y algunos otros t\u00e9rminos pueden aplicarse a su compra, uso y suscripci\u00f3n, si los hubiere. Si esta pol\u00edtica entra en conflicto con cualquier parte de esos t\u00e9rminos y acuerdos, dichos t\u00e9rminos y acuerdos regir\u00e1n en la medida de la incoherencia. <\/p>\n\n<h2 class=\"wp-block-heading\">3. Cambios en esta pol\u00edtica de privacidad<\/h2>\n\n<p>Podemos actualizar autom\u00e1ticamente esta pol\u00edtica de privacidad si modificamos materialmente nuestras pr\u00e1cticas o si los cambios legales o reglamentarios as\u00ed lo exigen. Si se diera el caso de que utiliz\u00e1ramos o divulg\u00e1ramos la informaci\u00f3n personal de forma sustancialmente distinta a la mencionada en esta pol\u00edtica en el momento en que se recopil\u00f3 la informaci\u00f3n personal, se lo notificaremos envi\u00e1ndole un aviso a la direcci\u00f3n de correo electr\u00f3nico que nos haya facilitado o colocando un aviso destacado en nuestros sitios web. Le recomendamos que consulte a menudo esta pol\u00edtica para conocer la informaci\u00f3n m\u00e1s reciente.<\/p>\n\n<h2 class=\"wp-block-heading\">4. Descargo de responsabilidad<\/h2>\n\n<p>La comunicaci\u00f3n por Internet y las transacciones por Internet est\u00e1n sujetas a diferentes riesgos de seguridad. En ning\u00fan caso seremos responsables de p\u00e9rdidas o da\u00f1os de cualquier tipo, tanto directos como indirectos, consecuentes o fortuitos, especiales o punitivos, derivados de o relacionados con cualquier uso no autorizado, cambio, exposici\u00f3n o supresi\u00f3n de cualquier informaci\u00f3n, confidencial o no, como resultado de una irrupci\u00f3n no autorizada en el sistema o cualquier otra fuga de informaci\u00f3n de seguridad o fallo del sistema. <\/p>\n\n<p>laosesim.com renuncia por la presente a todas las garant\u00edas con respecto al hardware y software utilizados para proporcionar seguridad y soporte a este sitio, incluidas todas las garant\u00edas impl\u00edcitas, idoneidad para un fin determinado y da\u00f1os incidentales y especiales, directos o consecuentes. <\/p>\n\n<p>En consecuencia, los directivos y empleados de laosesim.com, afiliados, socios, subsidiarias, sucesores y cesionarios y sus agentes de terceros no ser\u00e1n, directa o indirectamente, responsables en modo alguno ante usted u otra persona por cualquier mal uso, inexactitudes, errores, intercepciones de terceros, ataques de hackers, virus que resulten en la p\u00e9rdida de datos\/servicios, pero no limitado a errores o interrupciones en la entrega o transmisi\u00f3n de servicios.<\/p>\n\n<p>laosesim.com contiene ciertos enlaces a otros sitios web. Estos enlaces se proporcionan \u00fanicamente con fines informativos y para ayudar a localizar otros recursos de Internet. Por lo tanto, no somos responsables de las pr\u00e1cticas de privacidad ni del contenido de dichos sitios web.<\/p>\n\n<h2 class=\"wp-block-heading\">5. Resumen<\/h2>\n\n<p>Al acceder al sitio y utilizar sus productos y servicios, usted acepta incondicionalmente las declaraciones mencionadas en esta Pol\u00edtica de Privacidad y nuestros T\u00e9rminos y Condiciones. Usted acepta y cumple con los t\u00e9rminos que rigen el uso de este sitio web y sus productos y servicios y que tambi\u00e9n rigen toda la informaci\u00f3n proporcionada por usted y otros de laosesim.com. Si no est\u00e1 de acuerdo con alguno o todos los t\u00e9rminos de esta Pol\u00edtica, le rogamos que no utilice el sitio. <\/p>\n\n<p>laosesim.com se reserva el derecho a modificar esta Declaraci\u00f3n en cualquier momento y sin previo aviso, por lo que recomendamos a nuestros usuarios o clientes que lean esta Pol\u00edtica antes de acceder a otras p\u00e1ginas del sitio.<\/p>\n\n<p>If you have any questions related to this Privacy Policy, please contact us at <a href=\"mailto:la@gigago.com\">la@gigago.com<\/a>.<\/p>\n","protected":false},"excerpt":{"rendered":"<p>Esta Pol\u00edtica de Privacidad ha sido desarrollada por el equipo de laosesim.com para ayudarle a entender c\u00f3mo recogemos, utilizamos, comunicamos, divulgamos y hacemos uso de la informaci\u00f3n personal de nuestros clientes. Al ordenar eSIM con laosesim.com, usted acepta la siguiente informaci\u00f3n de la Pol\u00edtica de Privacidad laosesim.com. 1. Informaci\u00f3n recopilada Tomamos todas las medidas necesarias [&#8230;]\n","protected":false},"author":4,"featured_media":0,"parent":0,"menu_order":0,"comment_status":"closed","ping_status":"closed","template":"","meta":{"_acf_changed":false,"inline_featured_image":false,"footnotes":""},"acf":[],"_links":{"self":[{"href":"https:\/\/laosesim.com\/es\/wp-json\/wp\/v2\/pages\/6823"}],"collection":[{"href":"https:\/\/laosesim.com\/es\/wp-json\/wp\/v2\/pages"}],"about":[{"href":"https:\/\/laosesim.com\/es\/wp-json\/wp\/v2\/types\/page"}],"author":[{"embeddable":true,"href":"https:\/\/laosesim.com\/es\/wp-json\/wp\/v2\/users\/4"}],"replies":[{"embeddable":true,"href":"https:\/\/laosesim.com\/es\/wp-json\/wp\/v2\/comments?post=6823"}],"version-history":[{"count":0,"href":"https:\/\/laosesim.com\/es\/wp-json\/wp\/v2\/pages\/6823\/revisions"}],"wp:attachment":[{"href":"https:\/\/laosesim.com\/es\/wp-json\/wp\/v2\/media?parent=6823"}],"curies":[{"name":"wp","href":"https:\/\/api.w.org\/{rel}","templated":true}]}}