{"id":6863,"date":"2023-02-09T03:40:31","date_gmt":"2023-02-09T03:40:31","guid":{"rendered":"https:\/\/laosesim.com\/lista-de-dispositivos-compatibles-con-laos-esim\/"},"modified":"2024-05-20T10:25:36","modified_gmt":"2024-05-20T10:25:36","slug":"esim-moviles-compatibles","status":"publish","type":"page","link":"https:\/\/laosesim.com\/es\/esim-moviles-compatibles\/","title":{"rendered":"Lista de Dispositivos Compatibles con Laos eSIM"},"content":{"rendered":"\n<p>La tecnolog\u00eda eSIM ha revolucionado la forma en que utilizamos nuestros dispositivos m\u00f3viles. Con una eSIM, ya no necesita una tarjeta SIM f\u00edsica para activar su servicio celular. En su lugar, la tarjeta SIM est\u00e1 integrada directamente en tu dispositivo, lo que hace m\u00e1s c\u00f3moda y flexible la gesti\u00f3n de tus servicios m\u00f3viles. <\/p>\n\n\n\n<p>En esta lista, exploraremos algunos de los dispositivos compatibles con eSIM m\u00e1s populares del mercado, incluidos smartphones, tabletas y smartwatches. Tanto si eres un viajero frecuente como si simplemente buscas una forma m\u00e1s \u00e1gil de gestionar tus dispositivos m\u00f3viles en Laos, los dispositivos compatibles con la eSIM de Laos pueden proporcionarte muchas ventajas.<\/p>\n\n\n\n<figure class=\"wp-block-image size-large\"><img decoding=\"async\" width=\"1024\" height=\"683\" src=\"https:\/\/laosesim.com\/wp-content\/uploads\/sites\/13\/2024\/05\/lista-esim-dispositivos-compatibles-1024x683.jpg\" alt=\"Lista de dispositivos compatibles: Laosesim\" class=\"wp-image-7351\" srcset=\"https:\/\/laosesim.com\/wp-content\/uploads\/sites\/13\/2024\/05\/lista-esim-dispositivos-compatibles-1024x683.jpg 1024w, https:\/\/laosesim.com\/wp-content\/uploads\/sites\/13\/2024\/05\/lista-esim-dispositivos-compatibles-300x200.jpg 300w, https:\/\/laosesim.com\/wp-content\/uploads\/sites\/13\/2024\/05\/lista-esim-dispositivos-compatibles-768x512.jpg 768w, https:\/\/laosesim.com\/wp-content\/uploads\/sites\/13\/2024\/05\/lista-esim-dispositivos-compatibles-570x380.jpg 570w, https:\/\/laosesim.com\/wp-content\/uploads\/sites\/13\/2024\/05\/lista-esim-dispositivos-compatibles.jpg 1200w\" sizes=\"(max-width: 1024px) 100vw, 1024px\" \/><figcaption class=\"wp-element-caption\">Lista de dispositivos compatibles: Laosesim<\/figcaption><\/figure>\n\n\n\n<div class=\"wp-block-rank-math-toc-block\" id=\"rank-math-toc\"><h2>Tabla de Contenidos<\/h2><nav><ul><li class=\"\"><a href=\"#1-lista-de-dispositivos-compatibles-con-laos-e-sim\">1. Lista de Dispositivos Compatibles con Laos eSIM<\/a><ul><li class=\"\"><a href=\"#1-1-telefonos-compatibles-con-e-sim\">1.1. Tel\u00e9fonos compatibles con eSIM<\/a><\/li><li class=\"\"><a href=\"#1-2-smartwatches-compatibles-con-e-sim\">1.2. Smartwatches compatibles con eSIM<\/a><\/li><li class=\"\"><a href=\"#1-3-portatiles-compatibles-con-e-sim\">1.3. Port\u00e1tiles compatibles con eSIM<\/a><\/li><li class=\"\"><a href=\"#1-4-tabletas-compatibles-con-e-sim\">1.4. Tabletas compatibles con eSIM<\/a><\/li><\/ul><\/li><li class=\"\"><a href=\"#2-como-comprobar-la-compatibilidad-de-la-e-sim-y-el-estado-de-bloqueo-por-operador-de-su-dispositivo\">2. C\u00f3mo comprobar la compatibilidad de la eSIM y el estado de bloqueo por operador de su dispositivo<\/a><ul><li class=\"\"><a href=\"#2-1-en-dispositivos-i-os\">2.1. En dispositivos iOS<\/a><\/li><li class=\"\"><a href=\"#2-2-en-dispositivos-android\">2.2. En dispositivos Android<\/a><\/li><\/ul><\/li><li class=\"\"><a href=\"#3-preguntas-frecuentes\">3. Preguntas Frecuentes<\/a><\/li><\/ul><\/nav><\/div>\n\n\n\n<h2 class=\"wp-block-heading\" id=\"1-lista-de-dispositivos-compatibles-con-laos-e-sim\">1. Lista de Dispositivos Compatibles con Laos eSIM<\/h2>\n\n\n\n<p>El n\u00famero de dispositivos compatibles con la eSIM no deja de crecer. Actualmente hay disponibles 80 modelos de tel\u00e9fonos m\u00f3viles, wearables, tabletas y ordenadores port\u00e1tiles.<\/p>\n\n\n\n<p>Veamos ahora algunos dispositivos compatibles con la eSIM de Laos.<\/p>\n\n\n\n<h3 class=\"wp-block-heading\" id=\"1-1-telefonos-compatibles-con-e-sim\">1.1. Tel\u00e9fonos compatibles con eSIM<\/h3>\n\n\n\n<p>Tenemos los siguientes tel\u00e9fonos con eSIM para Laos y muchos otros pa\u00edses del mundo:<\/p>\n\n\n\n<h4 class=\"wp-block-heading\" id=\"1-1-1-apple-e-sim-phones\">1.1.1. Tel\u00e9fonos Apple eSIM:<\/h4>\n\n\n<div class=\"lazyblock-ggg-guide-esim-iphone-ZEwPro wp-block-lazyblock-ggg-guide-esim-iphone\"><ul><li>iPhone 17, iPhone Air, iPhone 17 Pro, iPhone 17 Pro Max<\/li><li>iPhone 16, iPhone 16e, iPhone 16 Plus, iPhone 16 Pro, iPhone 16 Pro Max*<\/li><li>iPhone 15, iPhone 15 Plus, iPhone 15 Pro, iPhone 15 Pro Max*<\/li><li>iPhone 14, iPhone 14 Plus, iPhone 14 Pro, iPhone 14 Pro Max*<\/li><li>iPhone 13, iPhone 13 Pro, iPhone 13 Pro Max, iPhone 13 Mini*<\/li><li>iPhone 12, iPhone 12 Mini, iPhone 12 Pro, iPhone 12 Pro Max*<\/li><li>iPhone 11, iPhone 11 Pro, iPhone 11 Pro Max<\/li><li>iPhone XS, iPhone XS Max, iPhone XR<\/li><li>iPhone SE (2020), iPhone SE (2022)<\/li><\/ul><\/div>\n\n\n\n<div class=\"wp-block-group gigago-block-background\"><div class=\"wp-block-group__inner-container is-layout-constrained wp-block-group-is-layout-constrained\">\n<p><p><i class=\"icon frame-33\" aria-hidden=\"true\"> <\/i><em>Notas:<\/em><\/p><\/p>\n\n\n\n<ul>\n<li><p><em>Los iPhones de China continental NO son compatibles con eSIM.<\/em><\/p><\/li>\n\n\n\n<li><p><em>Los iPhones de Hong Kong y Macao (excepto el iPhone 13 mini, iPhone 12 mini, iPhone SE 2020 y iPhone XS) NO son compatibles con eSIM.<\/em><\/p><\/li>\n<\/ul>\n\n\n\n<p><p>M\u00e1s informaci\u00f3n sobre la <a href=\"https:\/\/support.apple.com\/en-us\/HT212780\" data-mce-href=\"https:\/\/support.apple.com\/en-us\/HT212780\" data-mce- target=\"_blank\" rel=\"noopener\">eSIM en el iPhone<\/a>.<\/p><\/p>\n<\/div><\/div>\n\n\n\n<h4 class=\"wp-block-heading\" id=\"1-1-2-samsung-e-sim-phones\">1.1.2. Tel\u00e9fonos Samsung eSIM:<\/h4>\n\n\n<div class=\"lazyblock-ggg-guide-esim-samsung-Mfi4H wp-block-lazyblock-ggg-guide-esim-samsung\"><ul><li>Samsung Galaxy S26 Ultra<\/li><li>Samsung Galaxy S26+<\/li><li>Samsung Galaxy S26<\/li><li>Samsung Galaxy S25 Ultra<\/li><li>Samsung Galaxy S25+<\/li><li>Samsung Galaxy S25<\/li><li>Samsung Galaxy S24 Ultra<\/li><li>Samsung Galaxy S24+<\/li><li>Samsung Galaxy S24<\/li><li>Samsung Galaxy S23 Ultra<\/li><li>Samsung Galaxy S23+<\/li><li>Samsung Galaxy S23*<\/li><li>Samsung Galaxy S22 Ultra 5G<\/li><li>Samsung Galaxy S22+ 5G<\/li><li>Samsung Galaxy S22 5G<\/li><li>Samsung Galaxy S21 Ultra 5G<\/li><li>Samsung Galaxy S21 5G<\/li><li>Samsung Galaxy S21+ 5G<\/li><li>Samsung Galaxy S20<\/li><li>Samsung Galaxy S20+<\/li><li>Samsung Galaxy Note 20+<\/li><li>Samsung Galaxy Note 20<\/li><li>Samsung Galaxy Note 20 Ultra<\/li><li style=\"font-weight: 400;\"><span style=\"font-weight: 400;\">Samsung Galaxy Z Flip<\/span><\/li><li style=\"font-weight: 400;\"><span style=\"font-weight: 400;\">Samsung Galaxy Z Flip3 5G<\/span><\/li><li style=\"font-weight: 400;\"><span style=\"font-weight: 400;\">Samsung Galaxy Z Flip4<\/span><span style=\"font-weight: 400; color: #ed1c24;\">*<\/span><\/li><li><span style=\"font-weight: 400;\">Samsung Galaxy Z Flip5<\/span><\/li><li><span style=\"font-weight: 400;\">Samsung Galaxy Z Flip6<\/span><\/li><li><span style=\"font-weight: 400;\">Samsung Galaxy Z Flip7<\/span><\/li><li><span style=\"font-weight: 400;\">Samsung Galaxy Z Flip7 FE<\/span><\/li><li style=\"font-weight: 400;\"><span style=\"font-weight: 400;\">Samsung Galaxy Z Fold<\/span><\/li><li style=\"font-weight: 400;\"><span style=\"font-weight: 400;\">Samsung Galaxy Z Fold2<\/span><\/li><li style=\"font-weight: 400;\"><span style=\"font-weight: 400;\">Samsung Galaxy Z Fold3<\/span><\/li><li style=\"font-weight: 400;\"><span style=\"font-weight: 400;\">Samsung Galaxy Z Fold4<\/span><span style=\"font-weight: 400; color: #ed1c24;\">*<\/span><\/li><li><span style=\"font-weight: 400;\">Samsung Galaxy Z Fold5<\/span><\/li><li><span style=\"font-weight: 400;\">Samsung Galaxy Z Fold6<\/span><\/li><li><span style=\"font-weight: 400;\">Samsung Galaxy Z Fold7<\/span><\/li><\/ul><\/div>\n\n\n\n<div class=\"wp-block-group gigago-block-background\"><div class=\"wp-block-group__inner-container is-layout-constrained wp-block-group-is-layout-constrained\">\n<p><p><i class=\"icon frame-33\" aria-hidden=\"true\"> <\/i><em>Notas:<\/em><\/p><\/p>\n\n\n\n<ul>\n<li><p><em>Los siguientes tel\u00e9fonos Samsung NO admiten eSIM: Series Samsung S20\/S21 FE; Samsung Note 20 Ultra y Samsung Galaxy Z Fold 2 originarios de Hong Kong; dispositivos Samsung originarios de Laos y Canad\u00e1.<\/em><\/p><\/li>\n\n\n\n<li><p><em>Para la serie Samsung S21 (con la excepci\u00f3n de los modelos FE) para Canad\u00e1 y Laos, si ya tiene One UI 4, esta actualizaci\u00f3n puede agregar la capacidad de eSIM a su dispositivo.<\/em><\/p><\/li>\n<\/ul>\n<\/div><\/div>\n\n\n\n<h4 class=\"wp-block-heading\" id=\"1-1-3-google-pixel-e-sim-phones\">1.1.3. Tel\u00e9fonos Google Pixel eSIM:<\/h4>\n\n\n<div class=\"lazyblock-ggg-guide-esim-google-pixel-QtmXq wp-block-lazyblock-ggg-guide-esim-google-pixel\"><ul><li>Google Pixel 10, Pixel 10 Pro Fold, Pixel 10 Pro, Pixel 10 Pro XL, Pixel 10a<\/li><li>Google Pixel 9 Pro Fold<\/li><li>Google Pixel 9, Pixel 9 Pro, Pixel 9 Pro XL<\/li><li>Google Pixel Fold<\/li><li>Google Pixel 8, 8 Pro<\/li><li>Google Pixel 7, 7 Pro<\/li><li>Google Pixel 6, 6a, 6 Pro<\/li><li>Google Pixel 5<\/li><li>Google Pixel 4, 4a, 4 XL<\/li><li>Google Pixel 3, 3 XL<\/li><li>Google Pixel 3, 3a XL<\/li><\/ul><\/div>\n\n\n\n<div class=\"wp-block-group gigago-block-background\"><div class=\"wp-block-group__inner-container is-layout-constrained wp-block-group-is-layout-constrained\">\n<p><p><i class=\"icon frame-33\" aria-hidden=\"true\"> <\/i><em>Notas: <\/em><\/p><\/p>\n\n\n\n<p><p><em>Los siguientes tel\u00e9fonos Pixel NO son compatibles con eSIM:<\/em><\/p><\/p>\n\n\n\n<ul>\n<li><p><em>Tel\u00e9fonos Pixel 3 fabricados en Australia, Taiw\u00e1n y Jap\u00f3n;<\/em><\/p><\/li>\n\n\n\n<li><p><em>Tel\u00e9fonos Pixel 3 adquiridos con el servicio de operadores estadounidenses o canadienses distintos de Sprint y Google Fi;<\/em><\/p><\/li>\n\n\n\n<li><p><em>Tel\u00e9fonos Pixel 3a comprados en el sudeste asi\u00e1tico y con servicio de Verizon.<\/em><\/p><\/li>\n<\/ul>\n<\/div><\/div>\n\n\n\n<h4 class=\"wp-block-heading\" id=\"1-1-4-other-phones-with-e-sim\">1.1.4. Otros tel\u00e9fonos con eSIM<\/h4>\n\n\n\n<p>Adem\u00e1s de los dispositivos populares como en las listas anteriores, hay muchos otros tel\u00e9fonos de otros fabricantes que soportan Laos eSIM. <\/p>\n\n\n<div class=\"lazyblock-ggg-guide-esim-other-1BDuoT wp-block-lazyblock-ggg-guide-esim-other\"><p><strong>Xiaomi:<\/strong><\/p><ul><li>Xiaomi 15<\/li><li>Xiaomi 15 Ultra<\/li><li>Xiaomi 14 T\/14 T Pro<\/li><\/ul><p><strong>OPPO:<\/strong><\/p><ul><li>Find X8\/X8 Pro<\/li><li>Find N3\/N3 Flip<\/li><\/ul><p><strong>Huawei:<\/strong><\/p><ul><li>Pura 70 Pro<\/li><li>Mate 40 Pro<\/li><li>P40\/P40 Pro<\/li><li>P50 Pro<\/li><\/ul><p>Sony:<\/p><ul><li>Xperia 1 VI<\/li><li>Xperia 5 V<\/li><li>Xperia 10 VI<\/li><\/ul><p><strong>Motorola:<\/strong><\/p><ul><li>Razr 40\/40 Ultra\/2024<\/li><li>Edge 50\/60 series<\/li><li>Moto G54\/84\/35<\/li><\/ul><p><strong>Others:<\/strong><\/p><ul><li>Nothing Phone 3\/3a Pro<\/li><li>OnePlus 11-13 T<\/li><li>Sharp Aquos R8\/R8 Pro<\/li><li>Honor Magic V3\/200 Pro<\/li><li>Vivo X200 Pro\u2026<\/li><\/ul><\/div>\n\n\n\n<p class=\"gigago-block-background\"><p><i class=\"icon frame-33\" aria-hidden=\"true\"><\/i><em>Notas: Las regiones que no admiten tarjetas SIM duales en los tel\u00e9fonos Oppo son: Australia (Telstra y Optus), y Jap\u00f3n (KDDI).<\/em><\/p><\/p>\n\n\n\n<h3 class=\"wp-block-heading\" id=\"1-2-smartwatches-compatibles-con-e-sim\">1.2. Smartwatches compatibles con eSIM<\/h3>\n\n\n<div class=\"lazyblock-ggg-guide-esim-other-1BDuoT wp-block-lazyblock-ggg-guide-esim-other\"><h4>1.2.1. Apple Watches:<\/h4><ul><li>Apple Watch S3, S4, S5, S6<\/li><li>Apple Watch Nike, Apple Watch Nike+<\/li><li>Apple Watch Hermes<\/li><li>Apple Watch Edition<\/li><\/ul><h4>1.2.2. Samsung Smartwatches:<\/h4><ul><li>Samsung Gear S2 Classic 3G<\/li><li>Samsung Gear S3 Frontier LTE<\/li><li>Samsung Galaxy Watch LTE<\/li><\/ul><\/div>\n\n\n\n<h3 class=\"wp-block-heading\" id=\"1-3-portatiles-compatibles-con-e-sim\">1.3. Port\u00e1tiles compatibles con eSIM<\/h3>\n\n\n\n<p>Actualmente, s\u00f3lo hay port\u00e1tiles con eSIM para Windows, Apple a\u00fan no ha lanzado un MacBook con eSIM.<\/p>\n\n\n\n<p>Echa un vistazo a la lista de port\u00e1tiles con capacidad eSIM.<\/p>\n\n\n<div class=\"lazyblock-ggg-guide-esim-other-1BDuoT wp-block-lazyblock-ggg-guide-esim-other\"><h4 id=\"1-3-1-acer-e-sim-laptops\">1.3.1. Acer eSIM Laptops<\/h4><ul><li>Acer Swift 3<\/li><li>Acer Swift 7<\/li><li>Acer Travel<\/li><li>Mate P2<\/li><li>Mate Spin P4<\/li><li>Mate P6<\/li><\/ul><h4 id=\"1-3-2-asus-e-sim-laptops\">1.3.2. ASUS eSIM Laptops<\/h4><ul><li>ASUS Mini Transformer T103HAF<\/li><li>ASUS NovaGo TP370QL<\/li><li>ASUS VivoBook Flip 14 TP401NA<\/li><\/ul><h4 id=\"1-3-3-dell-e-sim-laptops\">1.3.3. Dell eSIM Laptops<\/h4><ul><li>Dell Latitude 7210 2-in-1<\/li><li>Dell Latitude 9410<\/li><li>Dell Latitude 7310<\/li><li>Dell Latitude 7410<\/li><li>Dell Latitude 9510<\/li><li>Dell Latitude 5410<\/li><li>Dell Latitude 5411<\/li><li>Dell Latitude 5511<\/li><\/ul><h4 id=\"1-3-4-hp-e-sim-laptops\">1.3.4. HP eSIM Laptops<\/h4><ul><li>HP Elitebook G5<\/li><li>HP Probook G5<\/li><li>HP Zbook G5<\/li><li>HP Spectre Folio 13<\/li><\/ul><h4 id=\"1-3-5-lenovo-e-sim-laptops\">1.3.5. Lenovo eSIM Laptops<\/h4><ul><li>ThinkPad X1 Titanium Yoga 2 in 1<\/li><li>ThinkPad X1 Carbon Gen 9<\/li><li>ThinkPad X1 Fold<\/li><li>ThinkPad X1 Nano<\/li><li>ThinkPad X12 Detachable<\/li><li>Lenovo Flex 5G<\/li><li>Lenovo Yoga C630<\/li><li>Lenovo Miix 630<\/li><li>Lenovo Yoga 520<\/li><li>Lenovo Yoga 720 (2-in-1 models)<\/li><\/ul><\/div>\n\n\n\n<h3 class=\"wp-block-heading\" id=\"1-4-tabletas-compatibles-con-e-sim\">1.4. Tabletas compatibles con eSIM<\/h3>\n\n\n\n<p>Las siguientes tabletas admiten una eSIM:<\/p>\n\n\n<div class=\"lazyblock-ggg-guide-esim-other-1BDuoT wp-block-lazyblock-ggg-guide-esim-other\"><h4>1.4.1. Apple tablets:<\/h4><ul><li>iPad (7th gen > 11th gen 2025)<\/li><li>iPad Air 3 > Air 13 M3<\/li><li>iPad Pro 11-inch & 13-inch (M4) eSIM-only <\/li><li>iPad mini 5\/6<\/li><\/ul><h4>1.4.2. Samsung tablets:<\/h4><ul><li>Samsung Galaxy Tab S9<\/li><li>Samsung Galaxy Tab S9+<\/li><li>Samsung Galaxy Tab S9 Ultra<\/li><li>Samsung Galaxy Tab S9 FE<\/li><li>Samsung Galaxy Tab S9 FE+<\/li><\/ul><h4>1.4.3. Other tablets:<\/h4><ul><li>Microsoft Surface Pro (5th and 7th Gen onwards)<\/li><li>Microsoft Surface Pro X (5th Gen onwards)<\/li><\/ul><\/div>\n\n\n\n<p><p><em>Tambi\u00e9n hay otros dispositivos que admiten eSIM, como ordenadores port\u00e1tiles y otros modelos de tel\u00e9fono.<\/em><\/p><\/p>\n\n\n\n<h2 class=\"wp-block-heading\" id=\"2-como-comprobar-la-compatibilidad-de-la-e-sim-y-el-estado-de-bloqueo-por-operador-de-su-dispositivo\">2. C\u00f3mo comprobar la compatibilidad de la eSIM y el estado de bloqueo por operador de su dispositivo<\/h2>\n\n\n\n<p>Es sencillo determinar si tu tel\u00e9fono est\u00e1 bloqueado por el operador y si es compatible con eSIM porque toda esta informaci\u00f3n aparece en los ajustes del tel\u00e9fono. Mientras que la secci\u00f3n Restricci\u00f3n de SIM\/Red indica el estado de desbloqueo del tel\u00e9fono, el IMEI (Identidad Internacional de Equipo M\u00f3vil) muestra la compatibilidad del tel\u00e9fono con eSIM.<\/p>\n\n\n\n<p>En la siguiente secci\u00f3n, te explicaremos c\u00f3mo comprobar las capacidades eSIM y el estado de desbloqueo de tus tel\u00e9fonos iOS y Android.<\/p>\n\n\n\n<h3 class=\"wp-block-heading\" id=\"2-1-en-dispositivos-i-os\">2.1. En dispositivos iOS<\/h3>\n\n\n\n<p>En un dispositivo iOS, puedes seguir estos pasos para comprobarlo:<\/p>\n\n\n\n<p><p><strong>Compruebe el bloqueo del soporte m\u00f3vil:<\/strong><\/p><\/p>\n\n\n\n<ul>\n<li><p>Ve a <strong>Ajustes<\/strong>&gt; <strong>General<\/strong>&gt; <strong>Acerca de<\/strong>.<\/p><\/li>\n\n\n\n<li><p>Despl\u00e1zate hacia abajo para comprobar la secci\u00f3n \u00ab<strong>Bloqueo de portadora<\/strong>\u00bb.<\/p><\/li>\n\n\n\n<li><p>Deber\u00eda decir \u00ab<strong>NO hay restricciones SIM,<\/strong>\u00bb, lo que significa que el dispositivo est\u00e1 desbloqueado.<\/p><\/li>\n<\/ul>\n\n\n\n<p><p><strong>Comprueba la compatibilidad con la eSIM:<\/strong><\/p><\/p>\n\n\n\n<ul>\n<li><p>Ve a <strong>Ajustes<\/strong>&gt; <strong>General<\/strong>&gt; <strong>Acerca de<\/strong>.<\/p><\/li>\n\n\n\n<li><p>Despl\u00e1zate hasta <strong>SIM DISPONIBLE.<\/strong> Deber\u00eda contener un IMEI bajo SIM DISPONIBLE, lo que significa que el dispositivo es compatible con eSIM.<\/p><\/li>\n<\/ul>\n\n\n\n<p><p>Tambi\u00e9n puedes ir a <strong>Ajustes<\/strong> &gt; <strong>Telefon\u00eda celular<\/strong> y revisar si tienes el bot\u00f3n \u00ab<strong>Agregar eSIM<\/strong>\u00bb o \u00ab<strong>Agregar datos m\u00f3viles<\/strong>\u00bb o no. Si tienes este bot\u00f3n, tu dispositivo es compatible con eSIM.<\/p><\/p>\n\n\n\n<figure class=\"wp-block-image size-large\"><img decoding=\"async\" width=\"1024\" height=\"683\" src=\"https:\/\/laosesim.com\/wp-content\/uploads\/sites\/13\/2023\/02\/check-compatibility-ios-1024x683.jpg\" alt=\"Comprueba la compatibilidad de la eSIM en iOS\" class=\"wp-image-603\" srcset=\"https:\/\/laosesim.com\/wp-content\/uploads\/sites\/13\/2023\/02\/check-compatibility-ios-1024x683.jpg 1024w, https:\/\/laosesim.com\/wp-content\/uploads\/sites\/13\/2023\/02\/check-compatibility-ios-300x200.jpg 300w, https:\/\/laosesim.com\/wp-content\/uploads\/sites\/13\/2023\/02\/check-compatibility-ios-768x512.jpg 768w, https:\/\/laosesim.com\/wp-content\/uploads\/sites\/13\/2023\/02\/check-compatibility-ios-510x340.jpg 510w, https:\/\/laosesim.com\/wp-content\/uploads\/sites\/13\/2023\/02\/check-compatibility-ios.jpg 1200w\" sizes=\"(max-width: 1024px) 100vw, 1024px\" \/><figcaption class=\"wp-element-caption\">Comprueba la compatibilidad de la eSIM en iOS<\/figcaption><\/figure>\n\n\n\n<p>Supongamos que tienes m\u00e1s de una tarjeta SIM en tu dispositivo. En ese caso, puede que tengas que desactivar o eliminar temporalmente una de ellas antes de intentar descargar la eSIM, en funci\u00f3n de las capacidades de tu dispositivo.<\/p>\n\n\n\n<h3 class=\"wp-block-heading\" id=\"2-2-en-dispositivos-android\">2.2. En dispositivos Android<\/h3>\n\n\n\n<p>Para confirmar que tu dispositivo Android est\u00e1 desbloqueado y es compatible con eSIM, primero tendr\u00e1s que comprobar su estado de desbloqueo y luego encontrar el n\u00famero \u00abeSIM IMEI\u00bb. Sigue estos pasos:<\/p>\n\n\n\n<h4 class=\"wp-block-heading\" id=\"2-2-1-for-samsung-devices\">2.2.1. Para dispositivos Samsung:<\/h4>\n\n\n\n<p><p><strong>Comprueba su estado de desbloqueo:<\/strong><\/p><\/p>\n\n\n\n<ul>\n<li><p>Ve a <strong>Ajustes<\/strong> &gt; <strong>Conexiones<\/strong>\/<strong>Redes e internet<\/strong> (pueden haber variaciones dependiendo de la marca y modelo).<\/p><\/li>\n\n\n\n<li><p>Selecciona <strong>Red m\u00f3vil<\/strong>\/<strong>Red celular<\/strong> (pueden haber variaciones dependiendo de la marca y modelo).<\/p><\/li>\n\n\n\n<li><p>Toca en Avanzadas (si es necesario) y selecciona <strong>Elegir red<\/strong>\/ <strong>Seleccionar red autom\u00e1ticamente<\/strong> (u otras variantes para abrir la lista de operadores).<\/p><\/li>\n\n\n\n<li>Si aparecen varios operadores, lo m\u00e1s probable es que tu tel\u00e9fono est\u00e9 desbloqueado y necesite la tarjeta SIM adecuada. Para m\u00e1s confirmaci\u00f3n, contin\u00faa con el paso siguiente.<\/li>\n\n\n\n<li>Retira la tarjeta SIM antigua del tel\u00e9fono e inserta la reci\u00e9n activada del otro operador. Prueba a utilizar los datos m\u00f3viles para navegar por Internet, pero aseg\u00farate de que la conexi\u00f3n Wi-Fi est\u00e1 desactivada.<\/li>\n<\/ul>\n\n\n\n<p>&gt;&gt; Si has navegado con \u00e9xito por Internet, tu tel\u00e9fono est\u00e1 desbloqueado.<\/p>\n\n\n\n<p><p><strong>Comprueba la compatibilidad de tu tel\u00e9fono con la eSIM:<\/strong><\/p><\/p>\n\n\n\n<ul>\n<li><p>Ve a <strong>Ajustes<\/strong>.<\/p><\/li>\n\n\n\n<li><p>Si en <strong>Ajustes<\/strong> ves una barra de b\u00fasqueda, escribe \u00ab<strong>IMEI<\/strong>\u00ab, deber\u00eda aparecer la opci\u00f3n \u00ab<strong>Informaci\u00f3n IMEI<\/strong>\u00bb (o similar) (de lo contrario, deber\u00e1s ir a <strong>Acerca del tel\u00e9fono<\/strong>&gt; <strong>Estado<\/strong>).<\/p><\/li>\n\n\n\n<li><p>Toca <strong>\u00abInformaci\u00f3n IMEI\u00bb<\/strong>.<\/p><\/li>\n\n\n\n<li><p>Si el <strong>\u00abIMEI (eSIM)\u00bb<\/strong> est\u00e1 disponible, deber\u00eda significar que tu dispositivo soporta eSIM.<\/p><\/li>\n<\/ul>\n\n\n\n<figure class=\"wp-block-image size-large\"><img decoding=\"async\" width=\"1024\" height=\"683\" src=\"https:\/\/laosesim.com\/wp-content\/uploads\/sites\/13\/2023\/02\/check-compatibility-samsung-1024x683.jpg\" alt=\"Comprobar la compatibilidad de la eSIM en Android\" class=\"wp-image-606\" srcset=\"https:\/\/laosesim.com\/wp-content\/uploads\/sites\/13\/2023\/02\/check-compatibility-samsung-1024x683.jpg 1024w, https:\/\/laosesim.com\/wp-content\/uploads\/sites\/13\/2023\/02\/check-compatibility-samsung-300x200.jpg 300w, https:\/\/laosesim.com\/wp-content\/uploads\/sites\/13\/2023\/02\/check-compatibility-samsung-768x512.jpg 768w, https:\/\/laosesim.com\/wp-content\/uploads\/sites\/13\/2023\/02\/check-compatibility-samsung-510x340.jpg 510w, https:\/\/laosesim.com\/wp-content\/uploads\/sites\/13\/2023\/02\/check-compatibility-samsung.jpg 1200w\" sizes=\"(max-width: 1024px) 100vw, 1024px\" \/><figcaption class=\"wp-element-caption\">Comprobar la compatibilidad de la eSIM en Android<\/figcaption><\/figure>\n\n\n\n<h4 class=\"wp-block-heading\" id=\"2-2-2-other-android-devices\">2.2.2. Otros dispositivos Android:<\/h4>\n\n\n\n<ul>\n<li>Comprueba el estado de desbloqueo del mismo modo que con los tel\u00e9fonos Samsung.<\/li>\n\n\n\n<li><p>A continuaci\u00f3n, marca <strong>*#06#<\/strong> para comprobar la capacidad de la eSIM.<\/p><\/li>\n\n\n\n<li>En caso de que tu dispositivo sea compatible con eSIM, deber\u00edas poder ver el n\u00famero de identificaci\u00f3n \u00fanico (EID) de la eSIM de tu dispositivo.<\/li>\n<\/ul>\n\n\n\n<figure class=\"wp-block-image size-large\"><img decoding=\"async\" width=\"1024\" height=\"683\" src=\"https:\/\/laosesim.com\/wp-content\/uploads\/sites\/13\/2023\/02\/check-compatibility-other-android-1024x683.jpg\" alt=\"Comprueba la compatibilidad de la eSIM en otros dispositivos Android\" class=\"wp-image-604\" srcset=\"https:\/\/laosesim.com\/wp-content\/uploads\/sites\/13\/2023\/02\/check-compatibility-other-android-1024x683.jpg 1024w, https:\/\/laosesim.com\/wp-content\/uploads\/sites\/13\/2023\/02\/check-compatibility-other-android-300x200.jpg 300w, https:\/\/laosesim.com\/wp-content\/uploads\/sites\/13\/2023\/02\/check-compatibility-other-android-768x512.jpg 768w, https:\/\/laosesim.com\/wp-content\/uploads\/sites\/13\/2023\/02\/check-compatibility-other-android-510x340.jpg 510w, https:\/\/laosesim.com\/wp-content\/uploads\/sites\/13\/2023\/02\/check-compatibility-other-android.jpg 1200w\" sizes=\"(max-width: 1024px) 100vw, 1024px\" \/><figcaption class=\"wp-element-caption\">Comprueba la compatibilidad de la eSIM en otros dispositivos Android<\/figcaption><\/figure>\n\n\n\n<h2 class=\"wp-block-heading\" id=\"3-preguntas-frecuentes\">3. Preguntas Frecuentes<\/h2>\n\n\n\n<p>A continuaci\u00f3n encontrar\u00e1s algunas preguntas frecuentes sobre los dispositivos compatibles con la eSIM de Laos que te pueden interesar:<\/p>\n\n\n<div id=\"rank-math-faq\" class=\"rank-math-block\">\n<div class=\"rank-math-list \">\n<div id=\"faq-question-1676620517734\" class=\"rank-math-list-item\">\n<p class=\"rank-math-question \">\u00bfPor qu\u00e9 mi dispositivo est\u00e1 en la lista pero no puede utilizar la eSIM?<\/p>\n<div class=\"rank-math-answer \">\n\n<p>Algunas notas en la lista muestran que hay algunas variantes de los dispositivos que no son compatibles con eSIM. Tambi\u00e9n debes prestar atenci\u00f3n a las notas.<br \/>Adem\u00e1s, si tu tel\u00e9fono est\u00e1 bloqueado por el operador, no puedes usar eSIM. Por favor, compruebe c\u00f3mo comprobar el estado de bloqueo del operador en la parte anterior.<\/p>\n\n<\/div>\n<\/div>\n<div id=\"faq-question-1676621375300\" class=\"rank-math-list-item\">\n<p class=\"rank-math-question \">\u00bfQu\u00e9 debo hacer si mi dispositivo no puede utilizar la eSIM de Laos?<\/p>\n<div class=\"rank-math-answer \">\n\n<p>Puedes comprar una tarjeta SIM para utilizar datos mientras viajas por Laos. Las tarjetas SIM se pueden encontrar en el aeropuerto o en cualquier tienda de Laos. <\/p>\n\n<\/div>\n<\/div>\n<div id=\"faq-question-1676621515780\" class=\"rank-math-list-item\">\n<p class=\"rank-math-question \">\u00bfQu\u00e9 puedo hacer si mi dispositivo est\u00e1 bloqueado por el operador?<\/p>\n<div class=\"rank-math-answer \">\n\n<p>Puede ponerse en contacto con las compa\u00f1\u00edas telef\u00f3nicas para solicitar el desbloqueo de su dispositivo. A continuaci\u00f3n, puede utilizar la eSIM.<\/p>\n\n<\/div>\n<\/div>\n<div id=\"faq-question-1678157592065\" class=\"rank-math-list-item\">\n<p class=\"rank-math-question \">\u00bfQu\u00e9 puedo hacer si ya he comprado una eSIM, pero mi dispositivo es incompatible?<\/p>\n<div class=\"rank-math-answer \">\n\n<p>Si no ha activado la eSIM y el dispositivo no es compatible, puede ponerse en contacto con LaoseSIM para solicitar un reembolso. M\u00e1s informaci\u00f3n sobre <a data-mce-href=\"\/?page_id=6794\" href=\"https:\/\/laosesim.com\/es\/cancelacion-reembolso\/\">Cancelaci\u00f3n y reembolso<\/a>.<\/p>\n\n<\/div>\n<\/div>\n<\/div>\n<\/div>","protected":false},"excerpt":{"rendered":"<p>La tecnolog\u00eda eSIM ha revolucionado la forma en que utilizamos nuestros dispositivos m\u00f3viles. Con una eSIM, ya no necesita una tarjeta SIM f\u00edsica para activar su servicio celular. En su lugar, la tarjeta SIM est\u00e1 integrada directamente en tu dispositivo, lo que hace m\u00e1s c\u00f3moda y flexible la gesti\u00f3n de tus servicios m\u00f3viles. En esta [&#8230;]\n","protected":false},"author":4,"featured_media":7351,"parent":0,"menu_order":0,"comment_status":"closed","ping_status":"closed","template":"page-right-sidebar.php","meta":{"_acf_changed":false,"inline_featured_image":false,"footnotes":""},"acf":[],"_links":{"self":[{"href":"https:\/\/laosesim.com\/es\/wp-json\/wp\/v2\/pages\/6863"}],"collection":[{"href":"https:\/\/laosesim.com\/es\/wp-json\/wp\/v2\/pages"}],"about":[{"href":"https:\/\/laosesim.com\/es\/wp-json\/wp\/v2\/types\/page"}],"author":[{"embeddable":true,"href":"https:\/\/laosesim.com\/es\/wp-json\/wp\/v2\/users\/4"}],"replies":[{"embeddable":true,"href":"https:\/\/laosesim.com\/es\/wp-json\/wp\/v2\/comments?post=6863"}],"version-history":[{"count":0,"href":"https:\/\/laosesim.com\/es\/wp-json\/wp\/v2\/pages\/6863\/revisions"}],"wp:featuredmedia":[{"embeddable":true,"href":"https:\/\/laosesim.com\/es\/wp-json\/wp\/v2\/media\/7351"}],"wp:attachment":[{"href":"https:\/\/laosesim.com\/es\/wp-json\/wp\/v2\/media?parent=6863"}],"curies":[{"name":"wp","href":"https:\/\/api.w.org\/{rel}","templated":true}]}}