{"id":6874,"date":"2023-02-23T11:11:37","date_gmt":"2023-02-23T11:11:37","guid":{"rendered":"https:\/\/laosesim.com\/terminos-y-condiciones\/"},"modified":"2024-05-16T03:19:22","modified_gmt":"2024-05-16T03:19:22","slug":"terminos-y-condiciones","status":"publish","type":"page","link":"https:\/\/laosesim.com\/es\/terminos-y-condiciones\/","title":{"rendered":"T\u00e9rminos y Condiciones"},"content":{"rendered":"\n<p>Estos T\u00e9rminos y Condiciones establecen las condiciones bajo las cuales LaoseSIM se ofrece a los clientes. Al comprar una eSIM de laosesim.com por Gigago, usted acepta que estos T\u00e9rminos y Condiciones forman un contrato entre usted &#8211; nuestro cliente, y LaoseSIM (en lo sucesivo, \u00abNosotros\u00bb, \u00abnos\u00bb o \u00abEmpresa\u00bb).<\/p>\n\n<p>ANTES DE HACER CLIC EN EL BOT\u00d3N \u00abCHECKOUT\u00bb o \u00abPayPal\u00bb, LEA ATENTAMENTE LOS T\u00c9RMINOS Y CONDICIONES QUE FIGURAN A CONTINUACI\u00d3N.<\/p>\n\n<h2 class=\"wp-block-heading\">1. Naturaleza del servicio<\/h2>\n\n<p>laosesim.com proporciona perfiles eSIM de Laos y de viajes regionales (la \u00abeSIM\u00bb), a los viajeros que planean visitar Laos y otros pa\u00edses y desean mantenerse conectados en el destino.<\/p>\n\n<p>La eSIM se proporciona en forma de c\u00f3digo QR, no de tarjeta SIM f\u00edsica, y s\u00f3lo funciona en dispositivos m\u00f3viles compatibles con la eSIM, que se han enumerado claramente aqu\u00ed.<\/p>\n\n<h2 class=\"wp-block-heading\">2. Tarifas<\/h2>\n\n<p>Ofrecemos planes de datos m\u00f3viles en Laos (tanto locales como regionales) en forma de eSIM.<\/p>\n\n<p>Las tarifas de los productos y servicios de nuestro sitio web pueden modificarse de vez en cuando.<\/p>\n\n<p>Nuestros planes le permiten utilizar una determinada cantidad de datos en un determinado periodo de tiempo. Adem\u00e1s, algunos de nuestros planes vienen con n\u00fameros de tel\u00e9fono locales, que se pueden utilizar para recibir o hacer llamadas de voz y SMS, siguiendo las condiciones que vienen con cada plan. Esto significa que nunca se le facturar\u00e1n cargos adicionales por datos.<\/p>\n\n<h2 class=\"wp-block-heading\">3. Formas de Pago<\/h2>\n\n<p>Aceptamos el pago mediante Paypal y no nos hacemos responsables de los gastos bancarios (si los hubiera) derivados del pago de nuestros productos.<\/p>\n\n<p>En caso de litigio sobre la factura, el cliente deber\u00e1 entregar a laosesim.com, a m\u00e1s tardar 7 d\u00edas antes de la fecha de vencimiento del pago de la factura en litigio, una declaraci\u00f3n por escrito en la que se enumeren todos los elementos en litigio y se proporcione una descripci\u00f3n razonablemente detallada de cada uno de ellos.<\/p>\n\n<p>El importe no impugnado o confirmado por sentencia judicial firme se considerar\u00e1 aceptado y abonado, sin perjuicio de los litigios sobre otros conceptos, en el plazo de 7 d\u00edas. Intentaremos resolver todos los litigios con rapidez y de buena fe.<\/p>\n\n<h2 class=\"wp-block-heading\">4. Cancelaci\u00f3n<\/h2>\n\n<p>En caso de que necesite cancelar el pago de su pedido, puede hacerlo sin penalizaci\u00f3n antes de que su c\u00f3digo QR de la eSIM haya sido enviado a su correo electr\u00f3nico. Una vez recibido el c\u00f3digo QR de la eSIM, no podr\u00e1 cancelar el pago o solo se le reembolsar\u00e1 si se produce alg\u00fan error relacionado con la eSIM que nuestro equipo de asistencia haya comunicado pero que no pueda solucionar.<\/p>\n\n<p>\u25ba M\u00e1s informaci\u00f3n en nuestra p\u00e1gina principal de <a href=\"https:\/\/laosesim.com\/es\/cancelacion-reembolso\/\">Cancelaci\u00f3n y reembolso<\/a>.<\/p>\n\n<h2 class=\"wp-block-heading\">5. Pol\u00edtica de Uso Leal de la Comunicaci\u00f3n de Datos<\/h2>\n\n<p>Cuando el proveedor de red local del pa\u00eds en el que te alojas durante tu viaje identifica un volumen masivo de uso de datos, el volumen de comunicaci\u00f3n de la l\u00ednea utilizada puede limitarse sin previo aviso para mantener la calidad de la red y el uso justo de las ondas de radio. Debido a ello, la conexi\u00f3n a Internet puede ser inestable, perderse o reducirse la velocidad.<\/p>\n","protected":false},"excerpt":{"rendered":"<p>Estos T\u00e9rminos y Condiciones establecen las condiciones bajo las cuales LaoseSIM se ofrece a los clientes. Al comprar una eSIM de laosesim.com por Gigago, usted acepta que estos T\u00e9rminos y Condiciones forman un contrato entre usted &#8211; nuestro cliente, y LaoseSIM (en lo sucesivo, \u00abNosotros\u00bb, \u00abnos\u00bb o \u00abEmpresa\u00bb). ANTES DE HACER CLIC EN EL BOT\u00d3N [&#8230;]\n","protected":false},"author":4,"featured_media":0,"parent":0,"menu_order":0,"comment_status":"closed","ping_status":"closed","template":"","meta":{"_acf_changed":false,"inline_featured_image":false,"footnotes":""},"acf":[],"_links":{"self":[{"href":"https:\/\/laosesim.com\/es\/wp-json\/wp\/v2\/pages\/6874"}],"collection":[{"href":"https:\/\/laosesim.com\/es\/wp-json\/wp\/v2\/pages"}],"about":[{"href":"https:\/\/laosesim.com\/es\/wp-json\/wp\/v2\/types\/page"}],"author":[{"embeddable":true,"href":"https:\/\/laosesim.com\/es\/wp-json\/wp\/v2\/users\/4"}],"replies":[{"embeddable":true,"href":"https:\/\/laosesim.com\/es\/wp-json\/wp\/v2\/comments?post=6874"}],"version-history":[{"count":0,"href":"https:\/\/laosesim.com\/es\/wp-json\/wp\/v2\/pages\/6874\/revisions"}],"wp:attachment":[{"href":"https:\/\/laosesim.com\/es\/wp-json\/wp\/v2\/media?parent=6874"}],"curies":[{"name":"wp","href":"https:\/\/api.w.org\/{rel}","templated":true}]}}